{"id":419,"date":"2025-02-06T03:18:54","date_gmt":"2025-02-06T03:18:54","guid":{"rendered":"https:\/\/soyantumapu.cl\/?page_id=419"},"modified":"2025-05-27T01:26:16","modified_gmt":"2025-05-27T01:26:16","slug":"actividades","status":"publish","type":"page","link":"https:\/\/soyantumapu.cl\/?page_id=419","title":{"rendered":"Actividades"},"content":{"rendered":"<p>[et_pb_section fb_built=\u00bb1&#8243; _builder_version=\u00bb4.27.2&#8243; _module_preset=\u00bbdefault\u00bb custom_padding=\u00bb||54px|||\u00bb global_colors_info=\u00bb{}\u00bb][et_pb_row column_structure=\u00bb3_5,2_5&#8243; _builder_version=\u00bb4.27.2&#8243; _module_preset=\u00bbdefault\u00bb custom_padding=\u00bb38px||4px|||\u00bb global_colors_info=\u00bb{}\u00bb][et_pb_column type=\u00bb3_5&#8243; _builder_version=\u00bb4.27.2&#8243; _module_preset=\u00bbdefault\u00bb global_colors_info=\u00bb{}\u00bb][et_pb_text _builder_version=\u00bb4.27.2&#8243; _module_preset=\u00bbdefault\u00bb text_font=\u00bb|700|||||||\u00bb text_text_color=\u00bb#000000&#8243; text_orientation=\u00bbcenter\u00bb hover_enabled=\u00bb0&#8243; global_colors_info=\u00bb{}\u00bb sticky_enabled=\u00bb0&#8243;]<\/p>\n<p style=\"text-align: left;\">22 DE MAYO\u00a0<br \/><span>El d\u00eda 22 de mayo realizamos el Simulacro de de Evacuaci\u00f3n Antumapu IV, dentro del Plan de Emergencia. Buena planificaci\u00f3n y alta participaci\u00f3n. \u00a1vamos construyendo Comunidad!<\/span><\/p>\n<p>[\/et_pb_text][et_pb_video src=\u00bbhttps:\/\/www.youtube.com\/watch?v=OnWvuDkDnxk\u00bb _builder_version=\u00bb4.27.2&#8243; _module_preset=\u00bbdefault\u00bb hover_enabled=\u00bb0&#8243; sticky_enabled=\u00bb0&#8243;][\/et_pb_video][\/et_pb_column][et_pb_column type=\u00bb2_5&#8243; _builder_version=\u00bb4.27.2&#8243; _module_preset=\u00bbdefault\u00bb global_colors_info=\u00bb{}\u00bb][et_pb_text _builder_version=\u00bb4.27.2&#8243; _module_preset=\u00bbdefault\u00bb text_font=\u00bb|700|||||||\u00bb text_text_color=\u00bb#000000&#8243; text_orientation=\u00bbcenter\u00bb global_colors_info=\u00bb{}\u00bb]<\/p>\n<p>2 DE MAYO CINE EN LA VILLA<\/p>\n<p>[\/et_pb_text][et_pb_image src=\u00bbhttps:\/\/soyantumapu.cl\/wp-content\/uploads\/2025\/04\/2-MAYO.jpg\u00bb title_text=\u00bb2 MAYO\u00bb _builder_version=\u00bb4.27.2&#8243; _module_preset=\u00bbdefault\u00bb global_colors_info=\u00bb{}\u00bb][\/et_pb_image][et_pb_divider _builder_version=\u00bb4.27.2&#8243; _module_preset=\u00bbdefault\u00bb global_colors_info=\u00bb{}\u00bb][\/et_pb_divider][\/et_pb_column][\/et_pb_row][et_pb_row column_structure=\u00bb1_4,1_4,1_4,1_4&#8243; _builder_version=\u00bb4.27.2&#8243; _module_preset=\u00bbdefault\u00bb custom_padding=\u00bb||4px|||\u00bb global_colors_info=\u00bb{}\u00bb][et_pb_column type=\u00bb1_4&#8243; _builder_version=\u00bb4.27.2&#8243; _module_preset=\u00bbdefault\u00bb global_colors_info=\u00bb{}\u00bb][et_pb_text _builder_version=\u00bb4.27.2&#8243; _module_preset=\u00bbdefault\u00bb text_font=\u00bb|700|||||||\u00bb text_text_color=\u00bb#000000&#8243; text_orientation=\u00bbcenter\u00bb global_colors_info=\u00bb{}\u00bb]<\/p>\n<p>21 DE ABRIL ASESOR\u00cdA SOCIAL<\/p>\n<p>[\/et_pb_text][et_pb_image src=\u00bbhttps:\/\/soyantumapu.cl\/wp-content\/uploads\/2025\/04\/A-BRIL.jpg\u00bb title_text=\u00bbA BRIL\u00bb _builder_version=\u00bb4.27.2&#8243; _module_preset=\u00bbdefault\u00bb global_colors_info=\u00bb{}\u00bb][\/et_pb_image][\/et_pb_column][et_pb_column type=\u00bb1_4&#8243; _builder_version=\u00bb4.27.2&#8243; _module_preset=\u00bbdefault\u00bb global_colors_info=\u00bb{}\u00bb][\/et_pb_column][et_pb_column type=\u00bb1_4&#8243; _builder_version=\u00bb4.27.2&#8243; _module_preset=\u00bbdefault\u00bb global_colors_info=\u00bb{}\u00bb][\/et_pb_column][et_pb_column type=\u00bb1_4&#8243; _builder_version=\u00bb4.27.2&#8243; _module_preset=\u00bbdefault\u00bb global_colors_info=\u00bb{}\u00bb][\/et_pb_column][\/et_pb_row][et_pb_row column_structure=\u00bb1_4,1_4,1_4,1_4&#8243; _builder_version=\u00bb4.27.2&#8243; _module_preset=\u00bbdefault\u00bb custom_padding=\u00bb||4px|||\u00bb global_colors_info=\u00bb{}\u00bb][et_pb_column type=\u00bb1_4&#8243; _builder_version=\u00bb4.27.2&#8243; _module_preset=\u00bbdefault\u00bb global_colors_info=\u00bb{}\u00bb][et_pb_image src=\u00bbhttps:\/\/soyantumapu.cl\/wp-content\/uploads\/2025\/03\/5a-S.-19_03-Escuela-de-LiderazgoGenero.png\u00bb title_text=\u00bb5a S. 19_03 Escuela de LiderazgoG\u00e9nero\u00bb _builder_version=\u00bb4.27.2&#8243; _module_preset=\u00bbdefault\u00bb global_colors_info=\u00bb{}\u00bb][\/et_pb_image][et_pb_text _builder_version=\u00bb4.27.2&#8243; _module_preset=\u00bbdefault\u00bb text_text_color=\u00bb#000000&#8243; text_font_size=\u00bb16px\u00bb text_orientation=\u00bbcenter\u00bb global_colors_info=\u00bb{}\u00bb]<\/p>\n<p><strong>5\u00b0 Sesi\u00f3n Escuela de Liderazgo y G\u00e9nero<\/strong><br \/><strong>19 de marzo, 19:00 hrs<\/strong><\/p>\n<p>[\/et_pb_text][\/et_pb_column][et_pb_column type=\u00bb1_4&#8243; _builder_version=\u00bb4.27.2&#8243; _module_preset=\u00bbdefault\u00bb global_colors_info=\u00bb{}\u00bb][et_pb_image src=\u00bbhttps:\/\/soyantumapu.cl\/wp-content\/uploads\/2025\/03\/1ra-S.-Cop.1-Ant.3-Plan-de-Emergencia.png\u00bb title_text=\u00bb1ra S. Cop.1 Ant.3 Plan de Emergencia\u00bb _builder_version=\u00bb4.27.2&#8243; _module_preset=\u00bbdefault\u00bb global_colors_info=\u00bb{}\u00bb][\/et_pb_image][\/et_pb_column][et_pb_column type=\u00bb1_4&#8243; _builder_version=\u00bb4.27.2&#8243; _module_preset=\u00bbdefault\u00bb global_colors_info=\u00bb{}\u00bb][et_pb_image src=\u00bbhttps:\/\/soyantumapu.cl\/wp-content\/uploads\/2025\/03\/Taller-Apresto-Digital.png\u00bb title_text=\u00bbTaller Apresto Digital\u00bb _builder_version=\u00bb4.27.2&#8243; _module_preset=\u00bbdefault\u00bb custom_margin=\u00bb||14px|||\u00bb global_colors_info=\u00bb{}\u00bb][\/et_pb_image][et_pb_text _builder_version=\u00bb4.27.2&#8243; _module_preset=\u00bbdefault\u00bb text_text_color=\u00bb#000000&#8243; text_font_size=\u00bb16px\u00bb text_orientation=\u00bbcenter\u00bb custom_margin=\u00bb||-2px|||\u00bb global_colors_info=\u00bb{}\u00bb]<\/p>\n<p><b>Se Transmite <\/b><b>por <br \/>facebook live<br \/>20 de marzo, 20:00 hrs.<\/b><\/p>\n<p><b>Haga click en el link<\/b><\/p>\n<p>[\/et_pb_text][et_pb_button button_text=\u00bbFacebookLive\u00bb button_alignment=\u00bbcenter\u00bb _builder_version=\u00bb4.27.2&#8243; _module_preset=\u00bbdefault\u00bb custom_button=\u00bbon\u00bb button_text_color=\u00bb#FFFFFF\u00bb button_bg_color=\u00bb#0C71C3&#8243; global_colors_info=\u00bb{}\u00bb][\/et_pb_button][\/et_pb_column][et_pb_column type=\u00bb1_4&#8243; _builder_version=\u00bb4.27.2&#8243; _module_preset=\u00bbdefault\u00bb global_colors_info=\u00bb{}\u00bb][et_pb_image src=\u00bbhttps:\/\/soyantumapu.cl\/wp-content\/uploads\/2025\/03\/1ra-S.-Cop.1-Ant.3-Plan-de-Emergencia.png\u00bb title_text=\u00bb1ra S. Cop.1 Ant.3 Plan de Emergencia\u00bb _builder_version=\u00bb4.27.2&#8243; _module_preset=\u00bbdefault\u00bb global_colors_info=\u00bb{}\u00bb][\/et_pb_image][et_pb_text _builder_version=\u00bb4.27.2&#8243; _module_preset=\u00bbdefault\u00bb text_text_color=\u00bb#000000&#8243; text_font_size=\u00bb16px\u00bb text_orientation=\u00bbcenter\u00bb global_colors_info=\u00bb{}\u00bb]<\/p>\n<p><strong>REPROGRAMADA<br \/>1\u00b0 Sesi\u00f3n Taller Plan de Emergencia<\/strong><\/p>\n<p><strong>Viernes 21, 19:00 hrs<\/strong><\/p>\n<p>[\/et_pb_text][\/et_pb_column][\/et_pb_row][et_pb_row column_structure=\u00bb1_4,1_4,1_4,1_4&#8243; _builder_version=\u00bb4.27.2&#8243; _module_preset=\u00bbdefault\u00bb custom_padding=\u00bb||4px|||\u00bb global_colors_info=\u00bb{}\u00bb][et_pb_column type=\u00bb1_4&#8243; _builder_version=\u00bb4.27.2&#8243; _module_preset=\u00bbdefault\u00bb global_colors_info=\u00bb{}\u00bb][et_pb_image src=\u00bbhttps:\/\/soyantumapu.cl\/wp-content\/uploads\/2025\/03\/2da-S.-Cop.1-Ant.3-Plan-de-Emergencia-1.png\u00bb title_text=\u00bb2da S. Cop.1 Ant.3 Plan de Emergencia\u00bb _builder_version=\u00bb4.27.2&#8243; _module_preset=\u00bbdefault\u00bb global_colors_info=\u00bb{}\u00bb][\/et_pb_image][et_pb_text _builder_version=\u00bb4.27.2&#8243; _module_preset=\u00bbdefault\u00bb text_text_color=\u00bb#000000&#8243; text_font_size=\u00bb16px\u00bb text_orientation=\u00bbcenter\u00bb global_colors_info=\u00bb{}\u00bb]<\/p>\n<p><strong>2\u00b0 Sesi\u00f3n Taller Plan de Emergencia, Parte 1<\/strong><\/p>\n<p><strong>Viernes 21, 19:00 hrs<\/strong><\/p>\n<p>[\/et_pb_text][\/et_pb_column][et_pb_column type=\u00bb1_4&#8243; _builder_version=\u00bb4.27.2&#8243; _module_preset=\u00bbdefault\u00bb global_colors_info=\u00bb{}\u00bb][et_pb_image src=\u00bbhttps:\/\/soyantumapu.cl\/wp-content\/uploads\/2025\/03\/2da-S.-Cop.1-Ant.3-Plan-de-Emergencia.png\u00bb title_text=\u00bb2da S. Cop.1 Ant.3 Plan de Emergencia\u00bb _builder_version=\u00bb4.27.2&#8243; _module_preset=\u00bbdefault\u00bb global_colors_info=\u00bb{}\u00bb][\/et_pb_image][et_pb_text _builder_version=\u00bb4.27.2&#8243; _module_preset=\u00bbdefault\u00bb text_text_color=\u00bb#000000&#8243; text_font_size=\u00bb16px\u00bb text_orientation=\u00bbcenter\u00bb global_colors_info=\u00bb{}\u00bb]<\/p>\n<p><strong>2\u00b0 Sesi\u00f3n Taller Plan de Emergencia, Parte 2<\/strong><\/p>\n<p><strong>Viernes 21, 19:00 hrs<\/strong><\/p>\n<p>[\/et_pb_text][\/et_pb_column][et_pb_column type=\u00bb1_4&#8243; _builder_version=\u00bb4.27.2&#8243; _module_preset=\u00bbdefault\u00bb global_colors_info=\u00bb{}\u00bb][et_pb_image src=\u00bbhttps:\/\/soyantumapu.cl\/wp-content\/uploads\/2025\/03\/Taller-Apresto-Digital.png\u00bb title_text=\u00bbTaller Apresto Digital\u00bb _builder_version=\u00bb4.27.2&#8243; _module_preset=\u00bbdefault\u00bb custom_margin=\u00bb||14px|||\u00bb global_colors_info=\u00bb{}\u00bb][\/et_pb_image][et_pb_text _builder_version=\u00bb4.27.2&#8243; _module_preset=\u00bbdefault\u00bb text_text_color=\u00bb#000000&#8243; text_font_size=\u00bb16px\u00bb text_orientation=\u00bbcenter\u00bb custom_margin=\u00bb||-2px|||\u00bb global_colors_info=\u00bb{}\u00bb]<\/p>\n<p><b>Se Transmite <\/b><b>por <br \/>facebook live<br \/>20 de marzo, 20:00 hrs.<\/b><\/p>\n<p><b>Haga click en el link<\/b><\/p>\n<p>[\/et_pb_text][et_pb_button button_text=\u00bbFacebookLive\u00bb button_alignment=\u00bbcenter\u00bb _builder_version=\u00bb4.27.2&#8243; _module_preset=\u00bbdefault\u00bb custom_button=\u00bbon\u00bb button_text_color=\u00bb#FFFFFF\u00bb button_bg_color=\u00bb#0C71C3&#8243; global_colors_info=\u00bb{}\u00bb][\/et_pb_button][\/et_pb_column][et_pb_column type=\u00bb1_4&#8243; _builder_version=\u00bb4.27.2&#8243; _module_preset=\u00bbdefault\u00bb global_colors_info=\u00bb{}\u00bb][et_pb_image src=\u00bbhttps:\/\/soyantumapu.cl\/wp-content\/uploads\/2025\/03\/1ra-S.-Cop.1-Ant.3-Plan-de-Emergencia.png\u00bb title_text=\u00bb1ra S. Cop.1 Ant.3 Plan de Emergencia\u00bb _builder_version=\u00bb4.27.2&#8243; _module_preset=\u00bbdefault\u00bb global_colors_info=\u00bb{}\u00bb][\/et_pb_image][\/et_pb_column][\/et_pb_row][et_pb_row column_structure=\u00bb1_2,1_2&#8243; _builder_version=\u00bb4.27.2&#8243; _module_preset=\u00bbdefault\u00bb global_colors_info=\u00bb{}\u00bb][et_pb_column type=\u00bb1_2&#8243; _builder_version=\u00bb4.27.2&#8243; _module_preset=\u00bbdefault\u00bb global_colors_info=\u00bb{}\u00bb][et_pb_text _builder_version=\u00bb4.27.2&#8243; _module_preset=\u00bbdefault\u00bb text_font=\u00bb|600|||||||\u00bb text_font_size=\u00bb19px\u00bb global_colors_info=\u00bb{}\u00bb]<\/p>\n<p><span>Jornada de planificaci\u00f3n y generaci\u00f3n de ideas para crear Comunidad. Mi\u00e9rcoles 23 de Octubre de 2024<\/span><\/p>\n<p>[\/et_pb_text][et_pb_video src=\u00bbhttps:\/\/www.youtube.com\/watch?v=n6E5PD_Kkx8&#8243; _builder_version=\u00bb4.27.2&#8243; _module_preset=\u00bbdefault\u00bb box_shadow_style=\u00bbpreset3&#8243; global_colors_info=\u00bb{}\u00bb][\/et_pb_video][\/et_pb_column][et_pb_column type=\u00bb1_2&#8243; _builder_version=\u00bb4.27.2&#8243; _module_preset=\u00bbdefault\u00bb global_colors_info=\u00bb{}\u00bb][et_pb_text _builder_version=\u00bb4.27.2&#8243; _module_preset=\u00bbdefault\u00bb text_font=\u00bb|600|||||||\u00bb text_font_size=\u00bb19px\u00bb global_colors_info=\u00bb{}\u00bb]<\/p>\n<p><span>Jornada de planificaci\u00f3n y generaci\u00f3n de ideas para crear Comunidad. Mi\u00e9rcoles 23 de Octubre de 2024<\/span><\/p>\n<p>[\/et_pb_text][et_pb_text _builder_version=\u00bb4.27.2&#8243; _module_preset=\u00bbdefault\u00bb text_font=\u00bb|600|||||||\u00bb text_font_size=\u00bb19px\u00bb global_colors_info=\u00bb{}\u00bb]<\/p>\n<p><span>Descripci\u00f3n Actividad<\/span><\/p>\n<p>[\/et_pb_text][\/et_pb_column][\/et_pb_row][et_pb_row _builder_version=\u00bb4.27.2&#8243; _module_preset=\u00bbdefault\u00bb global_colors_info=\u00bb{}\u00bb][et_pb_column type=\u00bb4_4&#8243; _builder_version=\u00bb4.27.2&#8243; _module_preset=\u00bbdefault\u00bb global_colors_info=\u00bb{}\u00bb][et_pb_divider _builder_version=\u00bb4.27.2&#8243; _module_preset=\u00bbdefault\u00bb global_colors_info=\u00bb{}\u00bb][\/et_pb_divider][\/et_pb_column][\/et_pb_row][et_pb_row _builder_version=\u00bb4.27.2&#8243; _module_preset=\u00bbdefault\u00bb global_colors_info=\u00bb{}\u00bb][et_pb_column type=\u00bb4_4&#8243; _builder_version=\u00bb4.27.2&#8243; _module_preset=\u00bbdefault\u00bb global_colors_info=\u00bb{}\u00bb][et_pb_text _builder_version=\u00bb4.27.2&#8243; _module_preset=\u00bbdefault\u00bb text_font=\u00bb|700|||||||\u00bb text_font_size=\u00bb27px\u00bb text_orientation=\u00bbcenter\u00bb global_colors_info=\u00bb{}\u00bb]<\/p>\n<p>Galer\u00eda<\/p>\n<p>[\/et_pb_text][\/et_pb_column][\/et_pb_row][et_pb_row _builder_version=\u00bb4.27.2&#8243; _module_preset=\u00bbdefault\u00bb global_colors_info=\u00bb{}\u00bb][et_pb_column type=\u00bb4_4&#8243; _builder_version=\u00bb4.27.2&#8243; _module_preset=\u00bbdefault\u00bb global_colors_info=\u00bb{}\u00bb][dsm_image_accordion _builder_version=\u00bb4.27.2&#8243; _module_preset=\u00bbdefault\u00bb global_colors_info=\u00bb{}\u00bb][dsm_image_accordion_child image_accordion_src=\u00bbhttps:\/\/soyantumapu.cl\/wp-content\/uploads\/2025\/02\/tres.jpg\u00bb _builder_version=\u00bb4.27.2&#8243; _module_preset=\u00bbdefault\u00bb global_colors_info=\u00bb{}\u00bb][\/dsm_image_accordion_child][dsm_image_accordion_child image_accordion_src=\u00bbhttps:\/\/soyantumapu.cl\/wp-content\/uploads\/2025\/02\/una.jpg\u00bb _builder_version=\u00bb4.27.2&#8243; _module_preset=\u00bbdefault\u00bb global_colors_info=\u00bb{}\u00bb][\/dsm_image_accordion_child][dsm_image_accordion_child image_accordion_src=\u00bbhttps:\/\/soyantumapu.cl\/wp-content\/uploads\/2025\/02\/trece.jpg\u00bb _builder_version=\u00bb4.27.2&#8243; _module_preset=\u00bbdefault\u00bb global_colors_info=\u00bb{}\u00bb][\/dsm_image_accordion_child][dsm_image_accordion_child image_accordion_src=\u00bbhttps:\/\/soyantumapu.cl\/wp-content\/uploads\/2025\/02\/seis.jpg\u00bb _builder_version=\u00bb4.27.2&#8243; _module_preset=\u00bbdefault\u00bb global_colors_info=\u00bb{}\u00bb][\/dsm_image_accordion_child][\/dsm_image_accordion][dsm_image_accordion _builder_version=\u00bb4.27.2&#8243; _module_preset=\u00bbdefault\u00bb global_colors_info=\u00bb{}\u00bb][dsm_image_accordion_child image_accordion_src=\u00bbhttps:\/\/soyantumapu.cl\/wp-content\/uploads\/2025\/02\/quince.jpg\u00bb _builder_version=\u00bb4.27.2&#8243; _module_preset=\u00bbdefault\u00bb global_colors_info=\u00bb{}\u00bb][\/dsm_image_accordion_child][dsm_image_accordion_child image_accordion_src=\u00bbhttps:\/\/soyantumapu.cl\/wp-content\/uploads\/2025\/02\/once.jpg\u00bb _builder_version=\u00bb4.27.2&#8243; _module_preset=\u00bbdefault\u00bb global_colors_info=\u00bb{}\u00bb][\/dsm_image_accordion_child][dsm_image_accordion_child image_accordion_src=\u00bbhttps:\/\/soyantumapu.cl\/wp-content\/uploads\/2025\/02\/nueve.jpg\u00bb _builder_version=\u00bb4.27.2&#8243; _module_preset=\u00bbdefault\u00bb global_colors_info=\u00bb{}\u00bb][\/dsm_image_accordion_child][dsm_image_accordion_child image_accordion_src=\u00bbhttps:\/\/soyantumapu.cl\/wp-content\/uploads\/2025\/02\/flores.jpg\u00bb _builder_version=\u00bb4.27.2&#8243; _module_preset=\u00bbdefault\u00bb global_colors_info=\u00bb{}\u00bb][\/dsm_image_accordion_child][\/dsm_image_accordion][dsm_image_accordion _builder_version=\u00bb4.27.2&#8243; _module_preset=\u00bbdefault\u00bb global_colors_info=\u00bb{}\u00bb][dsm_image_accordion_child image_accordion_src=\u00bbhttps:\/\/soyantumapu.cl\/wp-content\/uploads\/2025\/02\/dos.jpg\u00bb _builder_version=\u00bb4.27.2&#8243; _module_preset=\u00bbdefault\u00bb global_colors_info=\u00bb{}\u00bb][\/dsm_image_accordion_child][dsm_image_accordion_child image_accordion_src=\u00bbhttps:\/\/soyantumapu.cl\/wp-content\/uploads\/2025\/02\/diez17.jpg\u00bb _builder_version=\u00bb4.27.2&#8243; _module_preset=\u00bbdefault\u00bb global_colors_info=\u00bb{}\u00bb][\/dsm_image_accordion_child][dsm_image_accordion_child image_accordion_src=\u00bbhttps:\/\/soyantumapu.cl\/wp-content\/uploads\/2025\/02\/dos.jpg\u00bb _builder_version=\u00bb4.27.2&#8243; _module_preset=\u00bbdefault\u00bb global_colors_info=\u00bb{}\u00bb][\/dsm_image_accordion_child][dsm_image_accordion_child image_accordion_src=\u00bbhttps:\/\/soyantumapu.cl\/wp-content\/uploads\/2025\/02\/diez.jpg\u00bb _builder_version=\u00bb4.27.2&#8243; _module_preset=\u00bbdefault\u00bb global_colors_info=\u00bb{}\u00bb][\/dsm_image_accordion_child][\/dsm_image_accordion][\/et_pb_column][\/et_pb_row][\/et_pb_section]<\/p>\n","protected":false},"excerpt":{"rendered":"<p>22 DE MAYO\u00a0El d\u00eda 22 de mayo realizamos el Simulacro de de Evacuaci\u00f3n Antumapu IV, dentro del Plan de Emergencia. Buena planificaci\u00f3n y alta participaci\u00f3n. \u00a1vamos construyendo Comunidad!2 DE MAYO CINE EN LA VILLA21 DE ABRIL ASESOR\u00cdA SOCIAL5\u00b0 Sesi\u00f3n Escuela de Liderazgo y G\u00e9nero19 de marzo, 19:00 hrsSe Transmite por facebook live20 de marzo, 20:00 [&hellip;]<\/p>\n","protected":false},"author":1,"featured_media":0,"parent":0,"menu_order":0,"comment_status":"closed","ping_status":"closed","template":"","meta":{"_et_pb_use_builder":"on","_et_pb_old_content":"","_et_gb_content_width":"","footnotes":""},"class_list":["post-419","page","type-page","status-publish","hentry"],"_links":{"self":[{"href":"https:\/\/soyantumapu.cl\/index.php?rest_route=\/wp\/v2\/pages\/419","targetHints":{"allow":["GET"]}}],"collection":[{"href":"https:\/\/soyantumapu.cl\/index.php?rest_route=\/wp\/v2\/pages"}],"about":[{"href":"https:\/\/soyantumapu.cl\/index.php?rest_route=\/wp\/v2\/types\/page"}],"author":[{"embeddable":true,"href":"https:\/\/soyantumapu.cl\/index.php?rest_route=\/wp\/v2\/users\/1"}],"replies":[{"embeddable":true,"href":"https:\/\/soyantumapu.cl\/index.php?rest_route=%2Fwp%2Fv2%2Fcomments&post=419"}],"version-history":[{"count":12,"href":"https:\/\/soyantumapu.cl\/index.php?rest_route=\/wp\/v2\/pages\/419\/revisions"}],"predecessor-version":[{"id":675,"href":"https:\/\/soyantumapu.cl\/index.php?rest_route=\/wp\/v2\/pages\/419\/revisions\/675"}],"wp:attachment":[{"href":"https:\/\/soyantumapu.cl\/index.php?rest_route=%2Fwp%2Fv2%2Fmedia&parent=419"}],"curies":[{"name":"wp","href":"https:\/\/api.w.org\/{rel}","templated":true}]}}