{"id":386,"date":"2025-02-06T01:56:30","date_gmt":"2025-02-06T01:56:30","guid":{"rendered":"https:\/\/soyantumapu.cl\/?page_id=386"},"modified":"2025-02-08T00:09:29","modified_gmt":"2025-02-08T00:09:29","slug":"antumapu-2","status":"publish","type":"page","link":"https:\/\/soyantumapu.cl\/?page_id=386","title":{"rendered":"Antumapu 2"},"content":{"rendered":"<p>[et_pb_section fb_built=\u00bb1&#8243; specialty=\u00bbon\u00bb _builder_version=\u00bb4.27.2&#8243; _module_preset=\u00bbdefault\u00bb custom_padding=\u00bb28px||14px|||\u00bb global_colors_info=\u00bb{}\u00bb][et_pb_column type=\u00bb1_2&#8243; _builder_version=\u00bb4.16&#8243; custom_padding=\u00bb|||\u00bb global_colors_info=\u00bb{}\u00bb custom_padding__hover=\u00bb|||\u00bb][dsm_typing_effect before_typing_effect=\u00bbSomos Antumapu 2&#8243; typing_effect=\u00bbSomos el fruto de la perseverancia\u00bb before_new_line=\u00bbon\u00bb before_typing_background_color=\u00bbRGBA(255,255,255,0)\u00bb _builder_version=\u00bb4.27.2&#8243; _module_preset=\u00bbdefault\u00bb header_font=\u00bb|600|||||||\u00bb header_text_color=\u00bb#8e1945&#8243; typing_text_color=\u00bb#48bbb9&#8243; typing_font_size=\u00bb24px\u00bb global_colors_info=\u00bb{}\u00bb][\/dsm_typing_effect][et_pb_text _builder_version=\u00bb4.27.2&#8243; _module_preset=\u00bbdefault\u00bb text_text_color=\u00bb#000000&#8243; text_font_size=\u00bb16px\u00bb text_orientation=\u00bbjustified\u00bb global_colors_info=\u00bb{}\u00bb]<\/p>\n<p><b>Antumapu 2<\/b><span style=\"font-weight: 400;\"> es un territorio que refleja la perseverancia de nuestras familias que, por m\u00e1s de una d\u00e9cada, hemos luchado por una vivienda digna. <br \/>Estamos conformado principalmente por mujeres (85,8%-90,6%) y con edades entre 18 y 49 a\u00f1os, provenimos en su mayor\u00eda de La Pintana.<\/span><\/p>\n<p><span style=\"font-weight: 400;\">El camino no ha sido f\u00e1cil. La diversidad de historias y expectativas ha tra\u00eddo desaf\u00edos para ponernos de acuerdo, pero, a trav\u00e9s de asambleas, hemos fortalecido los lazos y aprendido sobre derechos, deberes y cuidado del barrio.<\/span><\/p>\n<p><span style=\"font-weight: 400;\">Aunque algunos no hemos terminado nuestros estudios, esto no ha impedido nuestra participaci\u00f3n activa. Hoy, enfrentamos nuevos desaf\u00edos: construir una convivencia arm\u00f3nica, cuidar los espacios p\u00fablicos y trabajar por la seguridad.<\/span><\/p>\n<p><b>Antumapu 2<\/b><span style=\"font-weight: 400;\"> es un lugar donde nuestro esfuerzo comienza a dar frutos, pero tambi\u00e9n es nuestro espacio para seguir creciendo. \u00a1Somos una comunidad que necesita avanzar unida!<\/span><\/p>\n<p>[\/et_pb_text][et_pb_image src=\u00bbhttps:\/\/soyantumapu.cl\/wp-content\/uploads\/2025\/02\/antu-2.jpg\u00bb title_text=\u00bbantu 2&#8243; _builder_version=\u00bb4.27.2&#8243; _module_preset=\u00bbdefault\u00bb global_colors_info=\u00bb{}\u00bb][\/et_pb_image][\/et_pb_column][et_pb_column type=\u00bb1_2&#8243; specialty_columns=\u00bb2&#8243; _builder_version=\u00bb4.16&#8243; custom_padding=\u00bb|||\u00bb global_colors_info=\u00bb{}\u00bb custom_padding__hover=\u00bb|||\u00bb][et_pb_row_inner _builder_version=\u00bb4.27.2&#8243; _module_preset=\u00bbdefault\u00bb global_colors_info=\u00bb{}\u00bb][et_pb_column_inner saved_specialty_column_type=\u00bb1_2&#8243; _builder_version=\u00bb4.27.2&#8243; _module_preset=\u00bbdefault\u00bb global_colors_info=\u00bb{}\u00bb][et_pb_image src=\u00bbhttps:\/\/soyantumapu.cl\/wp-content\/uploads\/2025\/02\/antu-21.jpg\u00bb title_text=\u00bbantu 21&#8243; _builder_version=\u00bb4.27.2&#8243; _module_preset=\u00bbdefault\u00bb global_colors_info=\u00bb{}\u00bb][\/et_pb_image][et_pb_accordion _builder_version=\u00bb4.27.2&#8243; _module_preset=\u00bbdefault\u00bb global_colors_info=\u00bb{}\u00bb][et_pb_accordion_item title=\u00bbDirectiva\u00bb open=\u00bbon\u00bb open_toggle_text_color=\u00bb#000000&#8243; closed_toggle_text_color=\u00bb#FFFFFF\u00bb closed_toggle_background_color=\u00bb#3f62ac\u00bb _builder_version=\u00bb4.27.2&#8243; _module_preset=\u00bbdefault\u00bb global_colors_info=\u00bb{}\u00bb toggle_font=\u00bb|700|||||||\u00bb toggle_font_size=\u00bb19px\u00bb closed_toggle_font=\u00bb|600|||||||\u00bb]<\/p>\n<p>Cargo 1.\u00a0 Nombre,\u00a0 Telefono, correo<\/p>\n<p>Cargo 1.\u00a0 Nombre,\u00a0 Telefono, correo<\/p>\n<p>Cargo 1.\u00a0 Nombre,\u00a0 Telefono, correo<\/p>\n<p>Cargo 1.\u00a0 Nombre,\u00a0 Telefono, correo<\/p>\n<p>[\/et_pb_accordion_item][et_pb_accordion_item title=\u00bbDirecci\u00f3n Sede\u00bb open_toggle_text_color=\u00bb#000000&#8243; _builder_version=\u00bb4.27.2&#8243; _module_preset=\u00bbdefault\u00bb global_colors_info=\u00bb{}\u00bb toggle_text_color=\u00bb#000000&#8243; toggle_font=\u00bb|700|||||||\u00bb toggle_font_size=\u00bb17px\u00bb open=\u00bboff\u00bb]<\/p>\n<p>Calle Victor Jara 83838<\/p>\n<p>[\/et_pb_accordion_item][\/et_pb_accordion][\/et_pb_column_inner][\/et_pb_row_inner][\/et_pb_column][\/et_pb_section][et_pb_section fb_built=\u00bb1&#8243; _builder_version=\u00bb4.27.2&#8243; _module_preset=\u00bbdefault\u00bb global_colors_info=\u00bb{}\u00bb theme_builder_area=\u00bbpost_content\u00bb][et_pb_row _builder_version=\u00bb4.27.2&#8243; _module_preset=\u00bbdefault\u00bb global_colors_info=\u00bb{}\u00bb theme_builder_area=\u00bbpost_content\u00bb][et_pb_column type=\u00bb4_4&#8243; _builder_version=\u00bb4.27.2&#8243; _module_preset=\u00bbdefault\u00bb global_colors_info=\u00bb{}\u00bb theme_builder_area=\u00bbpost_content\u00bb][et_pb_blog fullwidth=\u00bboff\u00bb include_categories=\u00bb12&#8243; use_manual_excerpt=\u00bboff\u00bb excerpt_length=\u00bb50&#8243; show_more=\u00bbon\u00bb show_author=\u00bboff\u00bb show_pagination=\u00bboff\u00bb _builder_version=\u00bb4.27.2&#8243; _module_preset=\u00bbdefault\u00bb header_font=\u00bb|600|||||||\u00bb header_line_height=\u00bb1.4em\u00bb body_font=\u00bb|600|||on||||\u00bb body_font_size=\u00bb16px\u00bb read_more_text_color=\u00bb#0C71C3&#8243; read_more_font_size=\u00bb20px\u00bb border_radii=\u00bbon|7px|7px|7px|7px\u00bb border_width_all=\u00bb2px\u00bb border_color_all=\u00bb#EDF000&#8243; border_width_top=\u00bb10px\u00bb border_color_top=\u00bb#f5ad00&#8243; border_radii_image=\u00bbon|3px|3px|3px|3px\u00bb box_shadow_style=\u00bbpreset3&#8243; box_shadow_style_image=\u00bbpreset3&#8243; global_colors_info=\u00bb{}\u00bb theme_builder_area=\u00bbpost_content\u00bb][\/et_pb_blog][\/et_pb_column][\/et_pb_row][\/et_pb_section][et_pb_section fb_built=\u00bb1&#8243; _builder_version=\u00bb4.27.2&#8243; _module_preset=\u00bbdefault\u00bb custom_padding=\u00bb3px|||||\u00bb global_colors_info=\u00bb{}\u00bb][et_pb_row _builder_version=\u00bb4.27.2&#8243; _module_preset=\u00bbdefault\u00bb global_colors_info=\u00bb{}\u00bb][et_pb_column type=\u00bb4_4&#8243; _builder_version=\u00bb4.27.2&#8243; _module_preset=\u00bbdefault\u00bb global_colors_info=\u00bb{}\u00bb][et_pb_divider divider_weight=\u00bb5px\u00bb _builder_version=\u00bb4.27.2&#8243; _module_preset=\u00bbdefault\u00bb global_colors_info=\u00bb{}\u00bb][\/et_pb_divider][\/et_pb_column][\/et_pb_row][et_pb_row column_structure=\u00bb1_3,1_3,1_3&#8243; _builder_version=\u00bb4.27.2&#8243; _module_preset=\u00bbdefault\u00bb global_colors_info=\u00bb{}\u00bb][et_pb_column type=\u00bb1_3&#8243; _builder_version=\u00bb4.27.2&#8243; _module_preset=\u00bbdefault\u00bb global_colors_info=\u00bb{}\u00bb][et_pb_button button_text=\u00bbReglamento Interno\u00bb button_alignment=\u00bbcenter\u00bb _builder_version=\u00bb4.27.2&#8243; _module_preset=\u00bbdefault\u00bb custom_button=\u00bbon\u00bb button_text_color=\u00bb#FFFFFF\u00bb button_bg_color=\u00bb#ec6e61&#8243; button_border_radius=\u00bb12px\u00bb button_icon=\u00bb&#x68;||divi||400&#8243; global_colors_info=\u00bb{}\u00bb][\/et_pb_button][et_pb_image src=\u00bbhttps:\/\/soyantumapu.cl\/wp-content\/uploads\/2025\/02\/VECINOS.png\u00bb title_text=\u00bbVECINOS\u00bb _builder_version=\u00bb4.27.2&#8243; _module_preset=\u00bbdefault\u00bb width=\u00bb30%\u00bb module_alignment=\u00bbcenter\u00bb global_colors_info=\u00bb{}\u00bb][\/et_pb_image][\/et_pb_column][et_pb_column type=\u00bb1_3&#8243; _builder_version=\u00bb4.27.2&#8243; _module_preset=\u00bbdefault\u00bb global_colors_info=\u00bb{}\u00bb][et_pb_button button_text=\u00bbManejo Basura\u00bb button_alignment=\u00bbcenter\u00bb _builder_version=\u00bb4.27.2&#8243; _module_preset=\u00bbdefault\u00bb custom_button=\u00bbon\u00bb button_text_color=\u00bb#FFFFFF\u00bb button_bg_color=\u00bb#ec6e61&#8243; button_border_radius=\u00bb12px\u00bb button_icon=\u00bb&#x68;||divi||400&#8243; global_colors_info=\u00bb{}\u00bb][\/et_pb_button][et_pb_image src=\u00bbhttps:\/\/soyantumapu.cl\/wp-content\/uploads\/2025\/02\/BASURA.png\u00bb title_text=\u00bbBASURA\u00bb _builder_version=\u00bb4.27.2&#8243; _module_preset=\u00bbdefault\u00bb width=\u00bb30%\u00bb module_alignment=\u00bbcenter\u00bb global_colors_info=\u00bb{}\u00bb][\/et_pb_image][\/et_pb_column][et_pb_column type=\u00bb1_3&#8243; _builder_version=\u00bb4.27.2&#8243; _module_preset=\u00bbdefault\u00bb global_colors_info=\u00bb{}\u00bb][et_pb_button button_url=\u00bbhttps:\/\/soyantumapu.cl\/?p=142&#8243; button_text=\u00bbTenencia mascotas\u00bb button_alignment=\u00bbcenter\u00bb _builder_version=\u00bb4.27.2&#8243; _module_preset=\u00bbdefault\u00bb custom_button=\u00bbon\u00bb button_text_color=\u00bb#FFFFFF\u00bb button_bg_color=\u00bb#ec6e61&#8243; button_border_radius=\u00bb12px\u00bb button_icon=\u00bb&#x68;||divi||400&#8243; global_colors_info=\u00bb{}\u00bb][\/et_pb_button][et_pb_image src=\u00bbhttps:\/\/soyantumapu.cl\/wp-content\/uploads\/2025\/02\/pets.png\u00bb title_text=\u00bbpets\u00bb _builder_version=\u00bb4.27.2&#8243; _module_preset=\u00bbdefault\u00bb width=\u00bb30%\u00bb module_alignment=\u00bbcenter\u00bb global_colors_info=\u00bb{}\u00bb][\/et_pb_image][\/et_pb_column][\/et_pb_row][\/et_pb_section]<\/p>\n","protected":false},"excerpt":{"rendered":"<p><div class=\"et_pb_module dsm_typing_effect dsm_typing_effect_0 et_pb_bg_layout_light \">\n\t\t\t\t\n\t\t\t\t\n\t\t\t\t\n\t\t\t\t\n\t\t\t\t\n\t\t\t\t\n\t\t\t\t<div class=\"et_pb_module_inner\">\n\t\t\t\t\t<h1 class=\"dsm-typing-effect et_pb_module_header\"><span class=\"dsm-before-typing-effect\">Somos Antumapu 2<\/span><br><span class=\"dsm-typing-wrapper\"><span class=\"dsm-typing-strings\">Somos el fruto de la perseverancia<\/span><span class=\"dsm-typing\" data-dsm-typing-cursor=\"|\" data-dsm-typing-strings=\"Somos el fruto de la perseverancia\" data-dsm-typing-speed=100ms data-dsm-typing-backspeed=50ms data-dsm-typing-backdelay=700ms data-dsm-typing-loop=true data-dsm-typing-fadeout=false data-dsm-typing-shuffle=false data-dsm-typing-delay=0ms data-dsm-typing-viewport=80% data-dsm-typing-repeat=on><\/span><\/span><\/h1>\n\t\t\t\t<\/div>\n\t\t\t<\/div>Antumapu 2 es un territorio que refleja la perseverancia de nuestras familias que, por m\u00e1s de una d\u00e9cada, hemos luchado por una vivienda digna. Estamos conformado principalmente por mujeres (85,8%-90,6%) y con edades entre 18 y 49 [&hellip;]<\/p>\n","protected":false},"author":1,"featured_media":0,"parent":0,"menu_order":0,"comment_status":"closed","ping_status":"closed","template":"","meta":{"_et_pb_use_builder":"on","_et_pb_old_content":"","_et_gb_content_width":"","footnotes":""},"class_list":["post-386","page","type-page","status-publish","hentry"],"_links":{"self":[{"href":"https:\/\/soyantumapu.cl\/index.php?rest_route=\/wp\/v2\/pages\/386","targetHints":{"allow":["GET"]}}],"collection":[{"href":"https:\/\/soyantumapu.cl\/index.php?rest_route=\/wp\/v2\/pages"}],"about":[{"href":"https:\/\/soyantumapu.cl\/index.php?rest_route=\/wp\/v2\/types\/page"}],"author":[{"embeddable":true,"href":"https:\/\/soyantumapu.cl\/index.php?rest_route=\/wp\/v2\/users\/1"}],"replies":[{"embeddable":true,"href":"https:\/\/soyantumapu.cl\/index.php?rest_route=%2Fwp%2Fv2%2Fcomments&post=386"}],"version-history":[{"count":6,"href":"https:\/\/soyantumapu.cl\/index.php?rest_route=\/wp\/v2\/pages\/386\/revisions"}],"predecessor-version":[{"id":521,"href":"https:\/\/soyantumapu.cl\/index.php?rest_route=\/wp\/v2\/pages\/386\/revisions\/521"}],"wp:attachment":[{"href":"https:\/\/soyantumapu.cl\/index.php?rest_route=%2Fwp%2Fv2%2Fmedia&parent=386"}],"curies":[{"name":"wp","href":"https:\/\/api.w.org\/{rel}","templated":true}]}}